{"id":1477,"date":"2023-07-20T15:21:00","date_gmt":"2023-07-20T14:21:00","guid":{"rendered":"https:\/\/reddragonprivateinvestigations.co.uk\/cysylltwch\/"},"modified":"2025-04-24T12:21:56","modified_gmt":"2025-04-24T11:21:56","slug":"cysylltwch","status":"publish","type":"page","link":"https:\/\/reddragonprivateinvestigations.co.uk\/cy\/cysylltwch\/","title":{"rendered":"Cysylltwch"},"content":{"rendered":"\t\t<div data-elementor-type=\"wp-page\" data-elementor-id=\"1477\" class=\"elementor elementor-1477 elementor-39\" data-elementor-post-type=\"page\">\n\t\t\t\t<div class=\"elementor-element elementor-element-fb15a3e e-flex e-con-boxed e-con e-parent\" data-id=\"fb15a3e\" data-element_type=\"container\" data-e-type=\"container\" data-settings=\"{&quot;background_background&quot;:&quot;classic&quot;}\">\n\t\t\t\t\t<div class=\"e-con-inner\">\n\t\t<div class=\"elementor-element elementor-element-00646f4 e-flex e-con-boxed e-con e-child\" data-id=\"00646f4\" data-element_type=\"container\" data-e-type=\"container\" data-settings=\"{&quot;background_background&quot;:&quot;classic&quot;}\">\n\t\t\t\t\t<div class=\"e-con-inner\">\n\t\t\t\t<div class=\"elementor-element elementor-element-1ab0b79 elementor-widget elementor-widget-heading\" data-id=\"1ab0b79\" data-element_type=\"widget\" data-e-type=\"widget\" data-widget_type=\"heading.default\">\n\t\t\t\t<div class=\"elementor-widget-container\">\n\t\t\t\t\t<h2 class=\"elementor-heading-title elementor-size-default\">Dewch i Siarad\n<\/h2>\t\t\t\t<\/div>\n\t\t\t\t<\/div>\n\t\t\t\t<div class=\"elementor-element elementor-element-976aa1b elementor-hidden-mobile elementor-widget elementor-widget-text-editor\" data-id=\"976aa1b\" data-element_type=\"widget\" data-e-type=\"widget\" data-widget_type=\"text-editor.default\">\n\t\t\t\t<div class=\"elementor-widget-container\">\n\t\t\t\t\t\t\t\t\t<p>P&#8217;un a ydych angen eglurder, cefnogaeth, neu ddim ond sgwrs gyfrinachol am eich sefyllfa, rydym yma i helpu.<\/p>\t\t\t\t\t\t\t\t<\/div>\n\t\t\t\t<\/div>\n\t\t\t\t\t<\/div>\n\t\t\t\t<\/div>\n\t\t\t\t\t<\/div>\n\t\t\t\t<\/div>\n\t\t<div class=\"elementor-element elementor-element-4b89235 e-flex e-con-boxed e-con e-parent\" data-id=\"4b89235\" data-element_type=\"container\" data-e-type=\"container\">\n\t\t\t\t\t<div class=\"e-con-inner\">\n\t\t<div class=\"elementor-element elementor-element-999bdfc e-con-full e-flex e-con e-child\" data-id=\"999bdfc\" data-element_type=\"container\" data-e-type=\"container\">\n\t\t\t\t<div class=\"elementor-element elementor-element-fe4b65b elementor-widget elementor-widget-breadcrumbs\" data-id=\"fe4b65b\" data-element_type=\"widget\" data-e-type=\"widget\" data-widget_type=\"breadcrumbs.default\">\n\t\t\t\t<div class=\"elementor-widget-container\">\n\t\t\t\t\t<p id=\"breadcrumbs\">\tYou are here:\n<span><span><a href=\"https:\/\/reddragonprivateinvestigations.co.uk\/cy\/\">Home<\/a><\/span><\/span><\/p>\t\t\t\t<\/div>\n\t\t\t\t<\/div>\n\t\t\t\t<div class=\"elementor-element elementor-element-97e04a8 elementor-widget elementor-widget-heading\" data-id=\"97e04a8\" data-element_type=\"widget\" data-e-type=\"widget\" data-widget_type=\"heading.default\">\n\t\t\t\t<div class=\"elementor-widget-container\">\n\t\t\t\t\t<h1 class=\"elementor-heading-title elementor-size-default\">Cysylltwch \u00e2 Ni<\/h1>\t\t\t\t<\/div>\n\t\t\t\t<\/div>\n\t\t\t\t<div class=\"elementor-element elementor-element-04a7496 elementor-widget elementor-widget-text-editor\" data-id=\"04a7496\" data-element_type=\"widget\" data-e-type=\"widget\" data-widget_type=\"text-editor.default\">\n\t\t\t\t<div class=\"elementor-widget-container\">\n\t\t\t\t\t\t\t\t\t<p>Oes gennych chi unrhyw gwestiynau am ein gwasanaethau ymchwilio preifat neu gorfforaethol? Cysylltwch \u00e2&#8217;n t\u00eem &#8211; rydym yn barod i wrando.<\/p>\t\t\t\t\t\t\t\t<\/div>\n\t\t\t\t<\/div>\n\t\t\t\t<div class=\"elementor-element elementor-element-9580262 elementor-button-align-start elementor-widget elementor-widget-form\" data-id=\"9580262\" data-element_type=\"widget\" data-e-type=\"widget\" data-settings=\"{&quot;step_next_label&quot;:&quot;Nesaf&quot;,&quot;step_previous_label&quot;:&quot;Blaenorol&quot;,&quot;button_width&quot;:&quot;100&quot;,&quot;step_type&quot;:&quot;number_text&quot;,&quot;step_icon_shape&quot;:&quot;circle&quot;}\" data-widget_type=\"form.default\">\n\t\t\t\t<div class=\"elementor-widget-container\">\n\t\t\t\t\t\t\t<form class=\"elementor-form\" method=\"post\" name=\"Ffurflen Gyswllt\" aria-label=\"Ffurflen Gyswllt\">\n\t\t\t<input type=\"hidden\" name=\"post_id\" value=\"1477\"\/>\n\t\t\t<input type=\"hidden\" name=\"form_id\" value=\"9580262\"\/>\n\t\t\t<input type=\"hidden\" name=\"referer_title\" value=\"Cysylltwch - Red Dragon Private Investigations Wales\" \/>\n\n\t\t\t\t\t\t\t<input type=\"hidden\" name=\"queried_id\" value=\"1477\"\/>\n\t\t\t\n\t\t\t<div class=\"elementor-form-fields-wrapper elementor-labels-above\">\n\t\t\t\t\t\t\t\t<div class=\"elementor-field-type-text elementor-field-group elementor-column elementor-field-group-name elementor-col-100 elementor-field-required elementor-mark-required\">\n\t\t\t\t\t\t\t\t\t\t\t\t<label for=\"form-field-name\" class=\"elementor-field-label\">\n\t\t\t\t\t\t\t\tEnw Llawn\t\t\t\t\t\t\t<\/label>\n\t\t\t\t\t\t\t\t\t\t\t\t\t\t<input size=\"1\" type=\"text\" name=\"form_fields[name]\" id=\"form-field-name\" class=\"elementor-field elementor-size-lg  elementor-field-textual\" placeholder=\"Enw\" required=\"required\">\n\t\t\t\t\t\t\t\t\t\t\t<\/div>\n\t\t\t\t\t\t\t\t<div class=\"elementor-field-type-text\">\n\t\t\t\t\t<input size=\"1\" type=\"text\" name=\"form_fields[field_578df60]\" id=\"form-field-field_578df60\" class=\"elementor-field elementor-size-lg \" style=\"display:none !important;\">\t\t\t\t<\/div>\n\t\t\t\t\t\t\t\t<div class=\"elementor-field-type-text elementor-field-group elementor-column elementor-field-group-field_1cf6bbd elementor-col-100 elementor-field-required elementor-mark-required\">\n\t\t\t\t\t\t\t\t\t\t\t\t<label for=\"form-field-field_1cf6bbd\" class=\"elementor-field-label\">\n\t\t\t\t\t\t\t\tRhif Cyswllt\t\t\t\t\t\t\t<\/label>\n\t\t\t\t\t\t\t\t\t\t\t\t\t\t<input size=\"1\" type=\"text\" name=\"form_fields[field_1cf6bbd]\" id=\"form-field-field_1cf6bbd\" class=\"elementor-field elementor-size-lg  elementor-field-textual\" placeholder=\"Rhif Cyswllt\" required=\"required\">\n\t\t\t\t\t\t\t\t\t\t\t<\/div>\n\t\t\t\t\t\t\t\t<div class=\"elementor-field-type-text\">\n\t\t\t\t\t<input size=\"1\" type=\"text\" name=\"form_fields[field_4a735f4]\" id=\"form-field-field_4a735f4\" class=\"elementor-field elementor-size-lg \" style=\"display:none !important;\">\t\t\t\t<\/div>\n\t\t\t\t\t\t\t\t<div class=\"elementor-field-type-email elementor-field-group elementor-column elementor-field-group-email elementor-col-100 elementor-field-required elementor-mark-required\">\n\t\t\t\t\t\t\t\t\t\t\t\t<label for=\"form-field-email\" class=\"elementor-field-label\">\n\t\t\t\t\t\t\t\tCyfeiriad Ebost\t\t\t\t\t\t\t<\/label>\n\t\t\t\t\t\t\t\t\t\t\t\t\t\t<input size=\"1\" type=\"email\" name=\"form_fields[email]\" id=\"form-field-email\" class=\"elementor-field elementor-size-lg  elementor-field-textual\" placeholder=\"Cyfeiriad Ebost\" required=\"required\">\n\t\t\t\t\t\t\t\t\t\t\t<\/div>\n\t\t\t\t\t\t\t\t<div class=\"elementor-field-type-text\">\n\t\t\t\t\t<input size=\"1\" type=\"text\" name=\"form_fields[field_b9deb84]\" id=\"form-field-field_b9deb84\" class=\"elementor-field elementor-size-lg \" style=\"display:none !important;\">\t\t\t\t<\/div>\n\t\t\t\t\t\t\t\t<div class=\"elementor-field-type-textarea elementor-field-group elementor-column elementor-field-group-message elementor-col-100 elementor-field-required elementor-mark-required\">\n\t\t\t\t\t\t\t\t\t\t\t\t<label for=\"form-field-message\" class=\"elementor-field-label\">\n\t\t\t\t\t\t\t\tYmholiad\t\t\t\t\t\t\t<\/label>\n\t\t\t\t\t\t<textarea class=\"elementor-field-textual elementor-field  elementor-size-lg\" name=\"form_fields[message]\" id=\"form-field-message\" rows=\"4\" placeholder=\"Ymholiad\" required=\"required\"><\/textarea>\t\t\t\t<\/div>\n\t\t\t\t\t\t\t\t<div class=\"elementor-field-type-text\">\n\t\t\t\t\t<input size=\"1\" type=\"text\" name=\"form_fields[field_3fa8ee1]\" id=\"form-field-field_3fa8ee1\" class=\"elementor-field elementor-size-lg \" style=\"display:none !important;\">\t\t\t\t<\/div>\n\t\t\t\t\t\t\t\t<div class=\"elementor-field-type-recaptcha_v3 elementor-field-group elementor-column elementor-field-group-field_4b8f2a1 elementor-col-100 recaptcha_v3-bottomright\">\n\t\t\t\t\t<div class=\"elementor-field\" id=\"form-field-field_4b8f2a1\"><div class=\"elementor-g-recaptcha\" data-sitekey=\"6LcNdx8rAAAAAMkQi1onVcXdbSP2RfBTuERcpvl-\" data-type=\"v3\" data-action=\"Form\" data-badge=\"bottomright\" data-size=\"invisible\"><\/div><\/div>\t\t\t\t<\/div>\n\t\t\t\t\t\t\t\t<div class=\"elementor-field-type-html elementor-field-group elementor-column elementor-field-group-field_720e771 elementor-col-100\">\n\t\t\t\t\t<p><strong>Hysbysiad Preifatrwydd:<\/strong> Sylwch fod unrhyw wybodaeth bersonol adnabyddadwy a roddir ar y ffurflen hon yn cael ei defnyddio at ddiben cysylltu \u00e2 chi yn unig er mwyn ymateb i'ch ymholiad. Ni chaiff unrhyw ddata ei storio, ei ddefnyddio at ddibenion marchnata na'i roi i drydydd parti.<\/p>\t\t\t\t<\/div>\n\t\t\t\t\t\t\t\t<div class=\"elementor-field-group elementor-column elementor-field-type-submit elementor-col-100 e-form__buttons\">\n\t\t\t\t\t<button class=\"elementor-button elementor-size-sm\" type=\"submit\">\n\t\t\t\t\t\t<span class=\"elementor-button-content-wrapper\">\n\t\t\t\t\t\t\t\t\t\t\t\t\t\t\t<span class=\"elementor-button-icon\">\n\t\t\t\t\t\t\t\t\t<svg xmlns=\"http:\/\/www.w3.org\/2000\/svg\" width=\"40\" height=\"40\" viewBox=\"0 0 40 40\"><path id=\"Path_1\" data-name=\"Path 1\" d=\"M20,33l12-9L20,15ZM24,4A20,20,0,1,0,44,24,19.994,19.994,0,0,0,24,4Zm0,36A16,16,0,1,1,40,24,16.021,16.021,0,0,1,24,40Z\" transform=\"translate(-4 -4)\" fill=\"#720060\"><\/path><\/svg>\t\t\t\t\t\t\t\t\t\t\t\t\t\t\t\t\t<\/span>\n\t\t\t\t\t\t\t\t\t\t\t\t\t\t\t\t\t\t\t\t\t\t<span class=\"elementor-button-text\">Anfon Ymholiad<\/span>\n\t\t\t\t\t\t\t\t\t\t\t\t\t<\/span>\n\t\t\t\t\t<\/button>\n\t\t\t\t<\/div>\n\t\t\t<\/div>\n\t\t<\/form>\n\t\t\t\t\t\t<\/div>\n\t\t\t\t<\/div>\n\t\t\t\t<\/div>\n\t\t<div class=\"elementor-element elementor-element-7f00eb6 e-con-full e-flex e-con e-child\" data-id=\"7f00eb6\" data-element_type=\"container\" data-e-type=\"container\">\n\t\t<div class=\"elementor-element elementor-element-3b68e88 e-flex e-con-boxed e-con e-child\" data-id=\"3b68e88\" data-element_type=\"container\" data-e-type=\"container\" data-settings=\"{&quot;background_background&quot;:&quot;classic&quot;}\">\n\t\t\t\t\t<div class=\"e-con-inner\">\n\t\t\t\t<div class=\"elementor-element elementor-element-97ae0f0 elementor-widget elementor-widget-heading\" data-id=\"97ae0f0\" data-element_type=\"widget\" data-e-type=\"widget\" data-widget_type=\"heading.default\">\n\t\t\t\t<div class=\"elementor-widget-container\">\n\t\t\t\t\t<h2 class=\"elementor-heading-title elementor-size-default\">Manylion Cyswllt<\/h2>\t\t\t\t<\/div>\n\t\t\t\t<\/div>\n\t\t\t\t<div class=\"elementor-element elementor-element-dbaf850 elementor-widget elementor-widget-text-editor\" data-id=\"dbaf850\" data-element_type=\"widget\" data-e-type=\"widget\" data-widget_type=\"text-editor.default\">\n\t\t\t\t<div class=\"elementor-widget-container\">\n\t\t\t\t\t\t\t\t\t<p><strong>Ymchwiliadau Preifat Gwlad yr Haf<\/strong><br> 1 Stryd Hir<br> Tetbury<br> sir Gaerloyw<br> GL8 8AA<\/p><p>Ff\u00f4n:<br> <strong>01823 215 017<\/strong><\/p><p>Ff\u00f4n:<br> <strong>01823 774 482<\/strong><\/p><p>Symudol:<br> <strong>07939 940 237<\/strong><\/p><p>E-bost:<br> <a href=\"mailto:help@somersetinvestigations.co.uk\"><strong>help@somersetinvestigations.co.uk<\/strong><\/a><\/p><p>Rhif Cofrestru TAW 446833667<\/p>\t\t\t\t\t\t\t\t<\/div>\n\t\t\t\t<\/div>\n\t\t\t\t\t<\/div>\n\t\t\t\t<\/div>\n\t\t\t\t<div class=\"elementor-element elementor-element-b181cb0 elementor-widget elementor-widget-text-editor\" data-id=\"b181cb0\" data-element_type=\"widget\" data-e-type=\"widget\" data-widget_type=\"text-editor.default\">\n\t\t\t\t<div class=\"elementor-widget-container\">\n\t\t\t\t\t\t\t\t\t<p>Mae Red Dragon Private Investigations yn is-gwmni sy&#8217;n eiddo llwyr i <a href=\"https:\/\/cotswoldprivateinvestigations.co.uk\/\" target=\"_blank\" rel=\"noopener\">Cotswold Private Investigations Ltd.<\/a><\/p>\t\t\t\t\t\t\t\t<\/div>\n\t\t\t\t<\/div>\n\t\t\t\t<\/div>\n\t\t\t\t\t<\/div>\n\t\t\t\t<\/div>\n\t\t\t\t<\/div>\n\t\t","protected":false},"excerpt":{"rendered":"<p>Dewch i Siarad P&#8217;un a ydych angen eglurder, cefnogaeth, neu ddim ond sgwrs gyfrinachol am eich sefyllfa, rydym yma i helpu. Cysylltwch \u00e2 Ni Oes gennych chi unrhyw gwestiynau am ein gwasanaethau ymchwilio preifat neu gorfforaethol? Cysylltwch \u00e2&#8217;n t\u00eem &#8211; rydym yn barod i wrando. Manylion Cyswllt Ymchwiliadau Preifat Gwlad yr Haf 1 Stryd Hir [&hellip;]<\/p>\n","protected":false},"author":1,"featured_media":0,"parent":0,"menu_order":0,"comment_status":"closed","ping_status":"closed","template":"","meta":{"footnotes":""},"class_list":["post-1477","page","type-page","status-publish","hentry"],"yoast_head":"<!-- This site is optimized with the Yoast SEO plugin v27.6 - https:\/\/yoast.com\/product\/yoast-seo-wordpress\/ -->\n<title>Cysylltwch - Red Dragon Private Investigations Wales<\/title>\n<meta name=\"robots\" content=\"index, follow, max-snippet:-1, max-image-preview:large, max-video-preview:-1\" \/>\n<link rel=\"canonical\" href=\"https:\/\/reddragonprivateinvestigations.co.uk\/cy\/cysylltwch\/\" \/>\n<meta property=\"og:locale\" content=\"cy_GB\" \/>\n<meta property=\"og:type\" content=\"article\" \/>\n<meta property=\"og:title\" content=\"Cysylltwch - Red Dragon Private Investigations Wales\" \/>\n<meta property=\"og:description\" content=\"Dewch i Siarad P&#8217;un a ydych angen eglurder, cefnogaeth, neu ddim ond sgwrs gyfrinachol am eich sefyllfa, rydym yma i helpu. Cysylltwch \u00e2 Ni Oes gennych chi unrhyw gwestiynau am ein gwasanaethau ymchwilio preifat neu gorfforaethol? Cysylltwch \u00e2&#8217;n t\u00eem &#8211; rydym yn barod i wrando. Manylion Cyswllt Ymchwiliadau Preifat Gwlad yr Haf 1 Stryd Hir [&hellip;]\" \/>\n<meta property=\"og:url\" content=\"https:\/\/reddragonprivateinvestigations.co.uk\/cy\/cysylltwch\/\" \/>\n<meta property=\"og:site_name\" content=\"Red Dragon Private Investigations Wales\" \/>\n<meta property=\"article:modified_time\" content=\"2025-04-24T11:21:56+00:00\" \/>\n<meta name=\"twitter:card\" content=\"summary_large_image\" \/>\n<script type=\"application\/ld+json\" class=\"yoast-schema-graph\">{\"@context\":\"https:\\\/\\\/schema.org\",\"@graph\":[{\"@type\":\"WebPage\",\"@id\":\"https:\\\/\\\/reddragonprivateinvestigations.co.uk\\\/cy\\\/cysylltwch\\\/\",\"url\":\"https:\\\/\\\/reddragonprivateinvestigations.co.uk\\\/cy\\\/cysylltwch\\\/\",\"name\":\"Cysylltwch - Red Dragon Private Investigations Wales\",\"isPartOf\":{\"@id\":\"https:\\\/\\\/reddragonprivateinvestigations.co.uk\\\/cy\\\/#website\"},\"datePublished\":\"2023-07-20T14:21:00+00:00\",\"dateModified\":\"2025-04-24T11:21:56+00:00\",\"breadcrumb\":{\"@id\":\"https:\\\/\\\/reddragonprivateinvestigations.co.uk\\\/cy\\\/cysylltwch\\\/#breadcrumb\"},\"inLanguage\":\"cy-GB\",\"potentialAction\":[{\"@type\":\"ReadAction\",\"target\":[\"https:\\\/\\\/reddragonprivateinvestigations.co.uk\\\/cy\\\/cysylltwch\\\/\"]}]},{\"@type\":\"BreadcrumbList\",\"@id\":\"https:\\\/\\\/reddragonprivateinvestigations.co.uk\\\/cy\\\/cysylltwch\\\/#breadcrumb\",\"itemListElement\":[{\"@type\":\"ListItem\",\"position\":1,\"name\":\"Home\",\"item\":\"https:\\\/\\\/reddragonprivateinvestigations.co.uk\\\/cy\\\/\"},{\"@type\":\"ListItem\",\"position\":2,\"name\":\"Cysylltwch\"}]},{\"@type\":\"WebSite\",\"@id\":\"https:\\\/\\\/reddragonprivateinvestigations.co.uk\\\/cy\\\/#website\",\"url\":\"https:\\\/\\\/reddragonprivateinvestigations.co.uk\\\/cy\\\/\",\"name\":\"Red Dragon Private Investigations\",\"description\":\"Private Detective Wales\",\"publisher\":{\"@id\":\"https:\\\/\\\/reddragonprivateinvestigations.co.uk\\\/cy\\\/#organization\"},\"potentialAction\":[{\"@type\":\"SearchAction\",\"target\":{\"@type\":\"EntryPoint\",\"urlTemplate\":\"https:\\\/\\\/reddragonprivateinvestigations.co.uk\\\/cy\\\/?s={search_term_string}\"},\"query-input\":{\"@type\":\"PropertyValueSpecification\",\"valueRequired\":true,\"valueName\":\"search_term_string\"}}],\"inLanguage\":\"cy-GB\"},{\"@type\":\"Organization\",\"@id\":\"https:\\\/\\\/reddragonprivateinvestigations.co.uk\\\/cy\\\/#organization\",\"name\":\"Red Dragon Private Investigations\",\"url\":\"https:\\\/\\\/reddragonprivateinvestigations.co.uk\\\/cy\\\/\",\"logo\":{\"@type\":\"ImageObject\",\"inLanguage\":\"cy-GB\",\"@id\":\"https:\\\/\\\/reddragonprivateinvestigations.co.uk\\\/cy\\\/#\\\/schema\\\/logo\\\/image\\\/\",\"url\":\"https:\\\/\\\/reddragonprivateinvestigations.co.uk\\\/wp-content\\\/uploads\\\/2023\\\/07\\\/logo-red-dragon-private-investigations-wales.svg\",\"contentUrl\":\"https:\\\/\\\/reddragonprivateinvestigations.co.uk\\\/wp-content\\\/uploads\\\/2023\\\/07\\\/logo-red-dragon-private-investigations-wales.svg\",\"width\":646,\"height\":244,\"caption\":\"Red Dragon Private Investigations\"},\"image\":{\"@id\":\"https:\\\/\\\/reddragonprivateinvestigations.co.uk\\\/cy\\\/#\\\/schema\\\/logo\\\/image\\\/\"}}]}<\/script>\n<!-- \/ Yoast SEO plugin. -->","yoast_head_json":{"title":"Cysylltwch - Red Dragon Private Investigations Wales","robots":{"index":"index","follow":"follow","max-snippet":"max-snippet:-1","max-image-preview":"max-image-preview:large","max-video-preview":"max-video-preview:-1"},"canonical":"https:\/\/reddragonprivateinvestigations.co.uk\/cy\/cysylltwch\/","og_locale":"cy_GB","og_type":"article","og_title":"Cysylltwch - Red Dragon Private Investigations Wales","og_description":"Dewch i Siarad P&#8217;un a ydych angen eglurder, cefnogaeth, neu ddim ond sgwrs gyfrinachol am eich sefyllfa, rydym yma i helpu. Cysylltwch \u00e2 Ni Oes gennych chi unrhyw gwestiynau am ein gwasanaethau ymchwilio preifat neu gorfforaethol? Cysylltwch \u00e2&#8217;n t\u00eem &#8211; rydym yn barod i wrando. Manylion Cyswllt Ymchwiliadau Preifat Gwlad yr Haf 1 Stryd Hir [&hellip;]","og_url":"https:\/\/reddragonprivateinvestigations.co.uk\/cy\/cysylltwch\/","og_site_name":"Red Dragon Private Investigations Wales","article_modified_time":"2025-04-24T11:21:56+00:00","twitter_card":"summary_large_image","schema":{"@context":"https:\/\/schema.org","@graph":[{"@type":"WebPage","@id":"https:\/\/reddragonprivateinvestigations.co.uk\/cy\/cysylltwch\/","url":"https:\/\/reddragonprivateinvestigations.co.uk\/cy\/cysylltwch\/","name":"Cysylltwch - Red Dragon Private Investigations Wales","isPartOf":{"@id":"https:\/\/reddragonprivateinvestigations.co.uk\/cy\/#website"},"datePublished":"2023-07-20T14:21:00+00:00","dateModified":"2025-04-24T11:21:56+00:00","breadcrumb":{"@id":"https:\/\/reddragonprivateinvestigations.co.uk\/cy\/cysylltwch\/#breadcrumb"},"inLanguage":"cy-GB","potentialAction":[{"@type":"ReadAction","target":["https:\/\/reddragonprivateinvestigations.co.uk\/cy\/cysylltwch\/"]}]},{"@type":"BreadcrumbList","@id":"https:\/\/reddragonprivateinvestigations.co.uk\/cy\/cysylltwch\/#breadcrumb","itemListElement":[{"@type":"ListItem","position":1,"name":"Home","item":"https:\/\/reddragonprivateinvestigations.co.uk\/cy\/"},{"@type":"ListItem","position":2,"name":"Cysylltwch"}]},{"@type":"WebSite","@id":"https:\/\/reddragonprivateinvestigations.co.uk\/cy\/#website","url":"https:\/\/reddragonprivateinvestigations.co.uk\/cy\/","name":"Red Dragon Private Investigations","description":"Private Detective Wales","publisher":{"@id":"https:\/\/reddragonprivateinvestigations.co.uk\/cy\/#organization"},"potentialAction":[{"@type":"SearchAction","target":{"@type":"EntryPoint","urlTemplate":"https:\/\/reddragonprivateinvestigations.co.uk\/cy\/?s={search_term_string}"},"query-input":{"@type":"PropertyValueSpecification","valueRequired":true,"valueName":"search_term_string"}}],"inLanguage":"cy-GB"},{"@type":"Organization","@id":"https:\/\/reddragonprivateinvestigations.co.uk\/cy\/#organization","name":"Red Dragon Private Investigations","url":"https:\/\/reddragonprivateinvestigations.co.uk\/cy\/","logo":{"@type":"ImageObject","inLanguage":"cy-GB","@id":"https:\/\/reddragonprivateinvestigations.co.uk\/cy\/#\/schema\/logo\/image\/","url":"https:\/\/reddragonprivateinvestigations.co.uk\/wp-content\/uploads\/2023\/07\/logo-red-dragon-private-investigations-wales.svg","contentUrl":"https:\/\/reddragonprivateinvestigations.co.uk\/wp-content\/uploads\/2023\/07\/logo-red-dragon-private-investigations-wales.svg","width":646,"height":244,"caption":"Red Dragon Private Investigations"},"image":{"@id":"https:\/\/reddragonprivateinvestigations.co.uk\/cy\/#\/schema\/logo\/image\/"}}]}},"_links":{"self":[{"href":"https:\/\/reddragonprivateinvestigations.co.uk\/cy\/wp-json\/wp\/v2\/pages\/1477","targetHints":{"allow":["GET"]}}],"collection":[{"href":"https:\/\/reddragonprivateinvestigations.co.uk\/cy\/wp-json\/wp\/v2\/pages"}],"about":[{"href":"https:\/\/reddragonprivateinvestigations.co.uk\/cy\/wp-json\/wp\/v2\/types\/page"}],"author":[{"embeddable":true,"href":"https:\/\/reddragonprivateinvestigations.co.uk\/cy\/wp-json\/wp\/v2\/users\/1"}],"replies":[{"embeddable":true,"href":"https:\/\/reddragonprivateinvestigations.co.uk\/cy\/wp-json\/wp\/v2\/comments?post=1477"}],"version-history":[{"count":1,"href":"https:\/\/reddragonprivateinvestigations.co.uk\/cy\/wp-json\/wp\/v2\/pages\/1477\/revisions"}],"predecessor-version":[{"id":1478,"href":"https:\/\/reddragonprivateinvestigations.co.uk\/cy\/wp-json\/wp\/v2\/pages\/1477\/revisions\/1478"}],"wp:attachment":[{"href":"https:\/\/reddragonprivateinvestigations.co.uk\/cy\/wp-json\/wp\/v2\/media?parent=1477"}],"curies":[{"name":"wp","href":"https:\/\/api.w.org\/{rel}","templated":true}]}}